{"id":224102,"date":"2021-10-07T14:48:36","date_gmt":"2021-10-07T11:48:36","guid":{"rendered":"https:\/\/aurelia.fi\/ambera-ii-isomatrix\/"},"modified":"2021-10-07T16:03:53","modified_gmt":"2021-10-07T13:03:53","slug":"ambera-ii-isomatrix","status":"publish","type":"page","link":"https:\/\/aurelia.fi\/en\/ambera-ii-isomatrix\/","title":{"rendered":"Ambera II Isomatrix"},"content":{"rendered":"<p>[et_pb_section fb_built=&#8221;1&#8243; fullwidth=&#8221;on&#8221; _builder_version=&#8221;4.9.7&#8243; _module_preset=&#8221;default&#8221;][et_pb_fullwidth_image src=&#8221;https:\/\/aurelia.fi\/wp-content\/uploads\/2021\/07\/ambera-hero.jpg&#8221; src_tablet=&#8221;https:\/\/aurelia.fi\/wp-content\/uploads\/2021\/07\/ambera-hero.jpg&#8221; src_phone=&#8221;https:\/\/aurelia.fi\/wp-content\/uploads\/2021\/07\/ambera-hero-mobiili.jpg&#8221; src_last_edited=&#8221;on|tablet&#8221; _builder_version=&#8221;4.9.7&#8243; _module_preset=&#8221;default&#8221;][\/et_pb_fullwidth_image][\/et_pb_section][et_pb_section fb_built=&#8221;1&#8243; _builder_version=&#8221;4.9.7&#8243; _module_preset=&#8221;default&#8221; background_color=&#8221;#FFFFFF&#8221; custom_padding=&#8221;||60px|||&#8221;][et_pb_row _builder_version=&#8221;4.9.7&#8243; _module_preset=&#8221;default&#8221;][et_pb_column type=&#8221;4_4&#8243; _builder_version=&#8221;4.9.7&#8243; _module_preset=&#8221;default&#8221;][et_pb_text admin_label=&#8221;Esittelyteksti&#8221; _builder_version=&#8221;4.9.7&#8243; _module_preset=&#8221;default&#8221; text_font=&#8221;Encode Sans||||||||&#8221; text_text_color=&#8221;#000000&#8243; text_font_size=&#8221;28px&#8221; text_line_height=&#8221;1.8em&#8221; header_3_text_color=&#8221;#000000&#8243; header_3_font_size=&#8221;28px&#8221; header_3_line_height=&#8221;1.5em&#8221; text_orientation=&#8221;center&#8221; width=&#8221;80%&#8221; width_tablet=&#8221;&#8221; width_phone=&#8221;100%&#8221; width_last_edited=&#8221;on|phone&#8221; module_alignment=&#8221;center&#8221; header_3_font_size_tablet=&#8221;&#8221; header_3_font_size_phone=&#8221;20px&#8221; header_3_font_size_last_edited=&#8221;on|phone&#8221; width__hover_enabled=&#8221;on|desktop&#8221;]<\/p>\n<h3>Uusi Ambera II isomatrix on kaiutin, jossa ajaton muoto ja valloittava \u00e4\u00e4ni muodostavat kokonaisuuden, joka tarjoaa kuuntelijalleen iloisia hetki\u00e4 musiikin parissa vuosiksi eteenp\u00e4in.<\/p>\n<p>Ambera II isomatrix on siro, mallistomme pienin lattiakaiutin. Kaiuttimen muotoilu noudattaa tunnusomaista Aurelian linjakkuutta, joka sopii erityisesti skandinaaviseen sisustustyyliin.<\/h3>\n<p>[\/et_pb_text][\/et_pb_column][\/et_pb_row][\/et_pb_section][et_pb_section fb_built=&#8221;1&#8243; _builder_version=&#8221;4.9.7&#8243; _module_preset=&#8221;default&#8221; background_color=&#8221;#000000&#8243; custom_padding=&#8221;0px||0px||true|false&#8221;][et_pb_row column_structure=&#8221;3_5,2_5&#8243; make_equal=&#8221;on&#8221; _builder_version=&#8221;4.9.7&#8243; _module_preset=&#8221;default&#8221; width=&#8221;90%&#8221; max_width=&#8221;2560px&#8221; module_alignment=&#8221;right&#8221; custom_padding=&#8221;0px||0px||true|false&#8221; custom_css_main_element=&#8221;display: flex;||flex-wrap: wrap;&#8221;][et_pb_column type=&#8221;3_5&#8243; _builder_version=&#8221;4.9.7&#8243; _module_preset=&#8221;default&#8221; custom_css_main_element=&#8221;order: 2;&#8221;][et_pb_text admin_label=&#8221;Se ekologisempi aktiivikaiutin.&#8221; _builder_version=&#8221;4.9.7&#8243; _module_preset=&#8221;default&#8221; header_2_font=&#8221;|600|||||||&#8221; header_2_text_color=&#8221;#FFFFFF&#8221; header_2_font_size=&#8221;5vw&#8221; header_3_text_color=&#8221;#000000&#8243; header_3_font_size=&#8221;25px&#8221; custom_margin=&#8221;150px||||false|false&#8221; custom_margin_tablet=&#8221;60px||||false|false&#8221; custom_margin_phone=&#8221;&#8221; custom_margin_last_edited=&#8221;on|tablet&#8221; header_2_font_size_tablet=&#8221;8vw&#8221; header_2_font_size_phone=&#8221;10vw&#8221; header_2_font_size_last_edited=&#8221;on|phone&#8221;]<\/p>\n<h2>Ilmava ja tarkka \u00e4\u00e4ni<\/h2>\n<p>[\/et_pb_text][et_pb_text _builder_version=&#8221;4.9.7&#8243; _module_preset=&#8221;default&#8221; text_text_color=&#8221;#FFFFFF&#8221; text_font_size=&#8221;20px&#8221; text_line_height=&#8221;1.8em&#8221; width=&#8221;80%&#8221; width_tablet=&#8221;&#8221; width_phone=&#8221;100%&#8221; width_last_edited=&#8221;on|phone&#8221; module_alignment=&#8221;center&#8221; custom_margin_tablet=&#8221;||60px||false|false&#8221; custom_margin_phone=&#8221;&#8221; custom_margin_last_edited=&#8221;on|tablet&#8221; custom_padding=&#8221;||||false|false&#8221; custom_padding_tablet=&#8221;&#8221; custom_padding_phone=&#8221;|40px|||false|false&#8221; custom_padding_last_edited=&#8221;on|phone&#8221;]<\/p>\n<p>Uusitussa Amberassa k\u00e4ytet\u00e4\u00e4n samaa paranneltua DDC isomatrix -bassoelementti\u00e4 kuin Magenta II isomatrixissa, mutta kaksin kappalein. Tuloksena on dynaaminen ja ulottuva, mutta samalla herkk\u00e4 sointi, joka lumoaa kokeneenkin kuuntelijan. Amberan sointi ei latistu tai puuroudu voimakkaillakaan \u00e4\u00e4nenvoimakkuuksilla. Amberan ilmava ja tarkka \u00e4\u00e4ni loistaa kevyemmiss\u00e4 musiikkigenreiss\u00e4 kuten klassinen ja jazz, mutta ei kaihda rokimpaakaan menoa.<\/p>\n<p>[\/et_pb_text][\/et_pb_column][et_pb_column type=&#8221;2_5&#8243; _builder_version=&#8221;4.9.7&#8243; _module_preset=&#8221;default&#8221; custom_css_main_element=&#8221;order: 1;&#8221;][et_pb_image src=&#8221;https:\/\/aurelia.fi\/wp-content\/uploads\/2021\/07\/ambera-fiilis2.jpg&#8221; align=&#8221;right&#8221; src_tablet=&#8221;https:\/\/aurelia.fi\/wp-content\/uploads\/2021\/07\/ambera-fiilis2.jpg&#8221; src_phone=&#8221;https:\/\/aurelia.fi\/wp-content\/uploads\/2021\/07\/ambera-fiilis2.jpg&#8221; src_last_edited=&#8221;on|phone&#8221; _builder_version=&#8221;4.9.7&#8243; _module_preset=&#8221;default&#8221; height_tablet=&#8221;500px&#8221; height_phone=&#8221;&#8221; height_last_edited=&#8221;on|phone&#8221; custom_margin=&#8221;120px||||false|false&#8221; custom_margin_tablet=&#8221;0px||||false|false&#8221; custom_margin_phone=&#8221;&#8221; custom_margin_last_edited=&#8221;on|tablet&#8221; hover_enabled=&#8221;0&#8243; sticky_enabled=&#8221;0&#8243;][\/et_pb_image][\/et_pb_column][\/et_pb_row][\/et_pb_section][et_pb_section fb_built=&#8221;1&#8243; _builder_version=&#8221;4.9.7&#8243; _module_preset=&#8221;default&#8221; background_color=&#8221;#FFFFFF&#8221; background_enable_image=&#8221;off&#8221; background_size=&#8221;initial&#8221; background_position=&#8221;top_left&#8221; custom_padding=&#8221;||0px||false|false&#8221;][et_pb_row column_structure=&#8221;1_3,2_3&#8243; _builder_version=&#8221;4.9.7&#8243; _module_preset=&#8221;default&#8221; width=&#8221;90%&#8221; max_width=&#8221;1400px&#8221; module_alignment=&#8221;center&#8221; custom_margin=&#8221;||||false|false&#8221; custom_padding=&#8221;4.6%||4.6%||true|false&#8221;][et_pb_column type=&#8221;1_3&#8243; _builder_version=&#8221;4.9.7&#8243; _module_preset=&#8221;default&#8221;][et_pb_image src=&#8221;https:\/\/aurelia.fi\/wp-content\/uploads\/2021\/07\/ambara-scaled-1.jpg&#8221; align=&#8221;center&#8221; _builder_version=&#8221;4.9.7&#8243; _module_preset=&#8221;default&#8221; height_tablet=&#8221;400px&#8221; height_phone=&#8221;&#8221; height_last_edited=&#8221;on|tablet&#8221;][\/et_pb_image][\/et_pb_column][et_pb_column type=&#8221;2_3&#8243; _builder_version=&#8221;4.9.7&#8243; _module_preset=&#8221;default&#8221; custom_padding_tablet=&#8221;&#8221; custom_padding_phone=&#8221;|40px||20px|false|false&#8221; custom_padding_last_edited=&#8221;on|phone&#8221;][et_pb_text admin_label=&#8221;Se ekologisempi aktiivikaiutin.&#8221; _builder_version=&#8221;4.9.7&#8243; _module_preset=&#8221;default&#8221; header_2_font=&#8221;|600|||||||&#8221; header_2_text_color=&#8221;#000000&#8243; header_2_font_size=&#8221;5vw&#8221; header_3_text_color=&#8221;#000000&#8243; header_3_font_size=&#8221;25px&#8221; custom_margin=&#8221;100px||||false|false&#8221; custom_margin_tablet=&#8221;0px||||false|false&#8221; custom_margin_phone=&#8221;&#8221; custom_margin_last_edited=&#8221;on|tablet&#8221; header_2_font_size_tablet=&#8221;8vw&#8221; header_2_font_size_phone=&#8221;10vw&#8221; header_2_font_size_last_edited=&#8221;on|phone&#8221;]<\/p>\n<h2>Puhdas ja el\u00e4v\u00e4 \u00e4\u00e4ni<\/h2>\n<p>[\/et_pb_text][et_pb_text _builder_version=&#8221;4.9.7&#8243; _module_preset=&#8221;default&#8221; text_text_color=&#8221;#000000&#8243; text_font_size=&#8221;20px&#8221; text_line_height=&#8221;1.8em&#8221; width=&#8221;80%&#8221; width_tablet=&#8221;&#8221; width_phone=&#8221;100%&#8221; width_last_edited=&#8221;on|phone&#8221; module_alignment=&#8221;center&#8221; custom_padding=&#8221;||||false|false&#8221; custom_padding_tablet=&#8221;&#8221; custom_padding_phone=&#8221;||||false|false&#8221; custom_padding_last_edited=&#8221;on|tablet&#8221;]<\/p>\n<p>Diskantissa k\u00e4ytett\u00e4v\u00e4n toisen sukupolven ECW-aallonohjaimen ja kahden bassoelementin muodostama saumaton yhteisty\u00f6 lis\u00e4\u00e4 kaiuttimen pystysuuntaista suuntaavuutta t\u00e4rke\u00e4ll\u00e4 keskialueella. Haitalliset lattiaheijastukset pysyv\u00e4t minimiss\u00e4, mik\u00e4 auttaa pit\u00e4m\u00e4\u00e4n \u00e4\u00e4nen puhtaana, el\u00e4v\u00e4n\u00e4 ja miellytt\u00e4v\u00e4n\u00e4. Ambera II isomatrixin kolmiulotteiseen \u00e4\u00e4nikuvaan sukeltaminen on nautinto kaikille musiikin yst\u00e4ville.<\/p>\n<p>[\/et_pb_text][et_pb_toggle title=&#8221;Tekniset tiedot&#8221; open_toggle_text_color=&#8221;#000000&#8243; icon_color=&#8221;#000000&#8243; _builder_version=&#8221;4.9.7&#8243; _module_preset=&#8221;default&#8221; title_text_color=&#8221;#000000&#8243; title_font_size=&#8221;20px&#8221; body_text_color=&#8221;#000000&#8243; body_link_text_color=&#8221;#000000&#8243; background_color=&#8221;#FFFFFF&#8221; border_width_all=&#8221;0px&#8221; border_width_top=&#8221;1px&#8221; border_color_top=&#8221;#000000&#8243; border_width_bottom=&#8221;1px&#8221; border_color_bottom=&#8221;#000000&#8243;]<\/p>\n<p><strong>Toimintaperiaate<\/strong><br \/>2-tie refleksi<\/p>\n<p><strong>Kaiutinelementit<\/strong><br \/>2x 5,25\u201d DDC isomatrix basso<br \/>1x 1\u201d titaani, ECW aallonohjain<\/p>\n<p><strong>Jakotaajuus<\/strong><br \/>1800 Hz<\/p>\n<p><strong>Impedanssi<\/strong><br \/>8 ohmia<\/p>\n<p><strong>Herkkyys dB\/W\/m<\/strong><br \/>88 dB<\/p>\n<p><strong>Taajuusvaste<\/strong><br \/>38 \u2013 20 000 hz<\/p>\n<p><strong>Tehosuositus<\/strong><br \/>20 \u2013 200 W<\/p>\n<p><strong>Mitat K x S x L \/ Paino<\/strong><br \/>1025 x 215 x 146 mm \/ 14 kg<\/p>\n<p>[\/et_pb_toggle][\/et_pb_column][\/et_pb_row][\/et_pb_section][et_pb_section fb_built=&#8221;1&#8243; _builder_version=&#8221;4.9.7&#8243; _module_preset=&#8221;default&#8221; custom_padding=&#8221;0px||0px||true|false&#8221;][et_pb_row _builder_version=&#8221;4.9.7&#8243; _module_preset=&#8221;default&#8221; width=&#8221;100%&#8221; max_width=&#8221;2560px&#8221; module_alignment=&#8221;center&#8221; custom_padding=&#8221;0px||0px||true|false&#8221;][et_pb_column type=&#8221;4_4&#8243; _builder_version=&#8221;4.9.7&#8243; _module_preset=&#8221;default&#8221;][et_pb_nextend_smart_slider_3 slider=&#8221;9&#8243; _builder_version=&#8221;4.9.7&#8243; _module_preset=&#8221;default&#8221;][\/et_pb_nextend_smart_slider_3][\/et_pb_column][\/et_pb_row][\/et_pb_section]<\/p>\n","protected":false},"excerpt":{"rendered":"<p>Uusi Ambera II isomatrix on kaiutin, jossa ajaton muoto ja valloittava \u00e4\u00e4ni muodostavat kokonaisuuden, joka tarjoaa kuuntelijalleen iloisia hetki\u00e4 musiikin parissa vuosiksi eteenp\u00e4in. Ambera II isomatrix on siro, mallistomme pienin lattiakaiutin. Kaiuttimen muotoilu noudattaa tunnusomaista Aurelian linjakkuutta, joka sopii erityisesti skandinaaviseen sisustustyyliin.Ilmava ja tarkka \u00e4\u00e4niUusitussa Amberassa k\u00e4ytet\u00e4\u00e4n samaa paranneltua DDC isomatrix -bassoelementti\u00e4 kuin Magenta II [&hellip;]<\/p>\n","protected":false},"author":1,"featured_media":0,"parent":0,"menu_order":0,"comment_status":"closed","ping_status":"closed","template":"","meta":{"_et_pb_use_builder":"on","_et_pb_old_content":"","_et_gb_content_width":"","footnotes":""},"class_list":["post-224102","page","type-page","status-publish","hentry"],"yoast_head":"<!-- This site is optimized with the Yoast SEO plugin v27.4 - https:\/\/yoast.com\/product\/yoast-seo-wordpress\/ -->\n<title>Ambera II Isomatrix - Aurelia - \u00e4\u00e4nen ehdoilla<\/title>\n<meta name=\"robots\" content=\"index, follow, max-snippet:-1, max-image-preview:large, max-video-preview:-1\" \/>\n<link rel=\"canonical\" href=\"https:\/\/aurelia.fi\/en\/ambera-ii-isomatrix\/\" \/>\n<meta property=\"og:locale\" content=\"en_US\" \/>\n<meta property=\"og:type\" content=\"article\" \/>\n<meta property=\"og:title\" content=\"Ambera II Isomatrix - Aurelia - \u00e4\u00e4nen ehdoilla\" \/>\n<meta property=\"og:description\" content=\"Uusi Ambera II isomatrix on kaiutin, jossa ajaton muoto ja valloittava \u00e4\u00e4ni muodostavat kokonaisuuden, joka tarjoaa kuuntelijalleen iloisia hetki\u00e4 musiikin parissa vuosiksi eteenp\u00e4in. Ambera II isomatrix on siro, mallistomme pienin lattiakaiutin. Kaiuttimen muotoilu noudattaa tunnusomaista Aurelian linjakkuutta, joka sopii erityisesti skandinaaviseen sisustustyyliin.Ilmava ja tarkka \u00e4\u00e4niUusitussa Amberassa k\u00e4ytet\u00e4\u00e4n samaa paranneltua DDC isomatrix -bassoelementti\u00e4 kuin Magenta II [&hellip;]\" \/>\n<meta property=\"og:url\" content=\"https:\/\/aurelia.fi\/en\/ambera-ii-isomatrix\/\" \/>\n<meta property=\"og:site_name\" content=\"Aurelia - \u00e4\u00e4nen ehdoilla\" \/>\n<meta property=\"article:modified_time\" content=\"2021-10-07T13:03:53+00:00\" \/>\n<meta name=\"twitter:card\" content=\"summary_large_image\" \/>\n<meta name=\"twitter:label1\" content=\"Est. reading time\" \/>\n\t<meta name=\"twitter:data1\" content=\"5 minutes\" \/>\n<script type=\"application\/ld+json\" class=\"yoast-schema-graph\">{\"@context\":\"https:\\\/\\\/schema.org\",\"@graph\":[{\"@type\":\"WebPage\",\"@id\":\"https:\\\/\\\/aurelia.fi\\\/en\\\/ambera-ii-isomatrix\\\/\",\"url\":\"https:\\\/\\\/aurelia.fi\\\/en\\\/ambera-ii-isomatrix\\\/\",\"name\":\"Ambera II Isomatrix - Aurelia - \u00e4\u00e4nen ehdoilla\",\"isPartOf\":{\"@id\":\"https:\\\/\\\/aurelia.fi\\\/en\\\/#website\"},\"datePublished\":\"2021-10-07T11:48:36+00:00\",\"dateModified\":\"2021-10-07T13:03:53+00:00\",\"breadcrumb\":{\"@id\":\"https:\\\/\\\/aurelia.fi\\\/en\\\/ambera-ii-isomatrix\\\/#breadcrumb\"},\"inLanguage\":\"en-US\",\"potentialAction\":[{\"@type\":\"ReadAction\",\"target\":[\"https:\\\/\\\/aurelia.fi\\\/en\\\/ambera-ii-isomatrix\\\/\"]}]},{\"@type\":\"BreadcrumbList\",\"@id\":\"https:\\\/\\\/aurelia.fi\\\/en\\\/ambera-ii-isomatrix\\\/#breadcrumb\",\"itemListElement\":[{\"@type\":\"ListItem\",\"position\":1,\"name\":\"Home\",\"item\":\"https:\\\/\\\/aurelia.fi\\\/en\\\/aurelia\\\/\"},{\"@type\":\"ListItem\",\"position\":2,\"name\":\"Ambera II Isomatrix\"}]},{\"@type\":\"WebSite\",\"@id\":\"https:\\\/\\\/aurelia.fi\\\/en\\\/#website\",\"url\":\"https:\\\/\\\/aurelia.fi\\\/en\\\/\",\"name\":\"Aurelia - \u00e4\u00e4nen ehdoilla\",\"description\":\"Aurelian kaiuttimissa elegantti, ajaton estetiikka yhdistyy uniikkeihin akustisiin ratkaisuihin.\",\"potentialAction\":[{\"@type\":\"SearchAction\",\"target\":{\"@type\":\"EntryPoint\",\"urlTemplate\":\"https:\\\/\\\/aurelia.fi\\\/en\\\/?s={search_term_string}\"},\"query-input\":{\"@type\":\"PropertyValueSpecification\",\"valueRequired\":true,\"valueName\":\"search_term_string\"}}],\"inLanguage\":\"en-US\"}]}<\/script>\n<!-- \/ Yoast SEO plugin. -->","yoast_head_json":{"title":"Ambera II Isomatrix - Aurelia - \u00e4\u00e4nen ehdoilla","robots":{"index":"index","follow":"follow","max-snippet":"max-snippet:-1","max-image-preview":"max-image-preview:large","max-video-preview":"max-video-preview:-1"},"canonical":"https:\/\/aurelia.fi\/en\/ambera-ii-isomatrix\/","og_locale":"en_US","og_type":"article","og_title":"Ambera II Isomatrix - Aurelia - \u00e4\u00e4nen ehdoilla","og_description":"Uusi Ambera II isomatrix on kaiutin, jossa ajaton muoto ja valloittava \u00e4\u00e4ni muodostavat kokonaisuuden, joka tarjoaa kuuntelijalleen iloisia hetki\u00e4 musiikin parissa vuosiksi eteenp\u00e4in. Ambera II isomatrix on siro, mallistomme pienin lattiakaiutin. Kaiuttimen muotoilu noudattaa tunnusomaista Aurelian linjakkuutta, joka sopii erityisesti skandinaaviseen sisustustyyliin.Ilmava ja tarkka \u00e4\u00e4niUusitussa Amberassa k\u00e4ytet\u00e4\u00e4n samaa paranneltua DDC isomatrix -bassoelementti\u00e4 kuin Magenta II [&hellip;]","og_url":"https:\/\/aurelia.fi\/en\/ambera-ii-isomatrix\/","og_site_name":"Aurelia - \u00e4\u00e4nen ehdoilla","article_modified_time":"2021-10-07T13:03:53+00:00","twitter_card":"summary_large_image","twitter_misc":{"Est. reading time":"5 minutes"},"schema":{"@context":"https:\/\/schema.org","@graph":[{"@type":"WebPage","@id":"https:\/\/aurelia.fi\/en\/ambera-ii-isomatrix\/","url":"https:\/\/aurelia.fi\/en\/ambera-ii-isomatrix\/","name":"Ambera II Isomatrix - Aurelia - \u00e4\u00e4nen ehdoilla","isPartOf":{"@id":"https:\/\/aurelia.fi\/en\/#website"},"datePublished":"2021-10-07T11:48:36+00:00","dateModified":"2021-10-07T13:03:53+00:00","breadcrumb":{"@id":"https:\/\/aurelia.fi\/en\/ambera-ii-isomatrix\/#breadcrumb"},"inLanguage":"en-US","potentialAction":[{"@type":"ReadAction","target":["https:\/\/aurelia.fi\/en\/ambera-ii-isomatrix\/"]}]},{"@type":"BreadcrumbList","@id":"https:\/\/aurelia.fi\/en\/ambera-ii-isomatrix\/#breadcrumb","itemListElement":[{"@type":"ListItem","position":1,"name":"Home","item":"https:\/\/aurelia.fi\/en\/aurelia\/"},{"@type":"ListItem","position":2,"name":"Ambera II Isomatrix"}]},{"@type":"WebSite","@id":"https:\/\/aurelia.fi\/en\/#website","url":"https:\/\/aurelia.fi\/en\/","name":"Aurelia - \u00e4\u00e4nen ehdoilla","description":"Aurelian kaiuttimissa elegantti, ajaton estetiikka yhdistyy uniikkeihin akustisiin ratkaisuihin.","potentialAction":[{"@type":"SearchAction","target":{"@type":"EntryPoint","urlTemplate":"https:\/\/aurelia.fi\/en\/?s={search_term_string}"},"query-input":{"@type":"PropertyValueSpecification","valueRequired":true,"valueName":"search_term_string"}}],"inLanguage":"en-US"}]}},"_links":{"self":[{"href":"https:\/\/aurelia.fi\/en\/wp-json\/wp\/v2\/pages\/224102","targetHints":{"allow":["GET"]}}],"collection":[{"href":"https:\/\/aurelia.fi\/en\/wp-json\/wp\/v2\/pages"}],"about":[{"href":"https:\/\/aurelia.fi\/en\/wp-json\/wp\/v2\/types\/page"}],"author":[{"embeddable":true,"href":"https:\/\/aurelia.fi\/en\/wp-json\/wp\/v2\/users\/1"}],"replies":[{"embeddable":true,"href":"https:\/\/aurelia.fi\/en\/wp-json\/wp\/v2\/comments?post=224102"}],"version-history":[{"count":4,"href":"https:\/\/aurelia.fi\/en\/wp-json\/wp\/v2\/pages\/224102\/revisions"}],"predecessor-version":[{"id":224289,"href":"https:\/\/aurelia.fi\/en\/wp-json\/wp\/v2\/pages\/224102\/revisions\/224289"}],"wp:attachment":[{"href":"https:\/\/aurelia.fi\/en\/wp-json\/wp\/v2\/media?parent=224102"}],"curies":[{"name":"wp","href":"https:\/\/api.w.org\/{rel}","templated":true}]}}