{"id":224089,"date":"2021-10-07T14:48:35","date_gmt":"2021-10-07T11:48:35","guid":{"rendered":"https:\/\/aurelia.fi\/cerica\/"},"modified":"2021-10-07T16:03:54","modified_gmt":"2021-10-07T13:03:54","slug":"cerica","status":"publish","type":"page","link":"https:\/\/aurelia.fi\/en\/cerica\/","title":{"rendered":"Cerica"},"content":{"rendered":"<p>[et_pb_section fb_built=&#8221;1&#8243; fullwidth=&#8221;on&#8221; _builder_version=&#8221;4.9.7&#8243; _module_preset=&#8221;default&#8221;][et_pb_fullwidth_image src=&#8221;https:\/\/aurelia.fi\/wp-content\/uploads\/2021\/07\/cerica-hero.jpg&#8221; src_tablet=&#8221;https:\/\/aurelia.fi\/wp-content\/uploads\/2021\/07\/cerica-hero.jpg&#8221; src_phone=&#8221;https:\/\/aurelia.fi\/wp-content\/uploads\/2021\/07\/cerica-hero-mobiili.jpg&#8221; src_last_edited=&#8221;on|phone&#8221; _builder_version=&#8221;4.9.7&#8243; _module_preset=&#8221;default&#8221;][\/et_pb_fullwidth_image][\/et_pb_section][et_pb_section fb_built=&#8221;1&#8243; _builder_version=&#8221;4.9.7&#8243; _module_preset=&#8221;default&#8221; background_color=&#8221;#FFFFFF&#8221; custom_padding=&#8221;||43px|||&#8221;][et_pb_row _builder_version=&#8221;4.9.7&#8243; _module_preset=&#8221;default&#8221;][et_pb_column type=&#8221;4_4&#8243; _builder_version=&#8221;4.9.7&#8243; _module_preset=&#8221;default&#8221;][et_pb_text admin_label=&#8221;Esittelyteksti&#8221; _builder_version=&#8221;4.9.7&#8243; _module_preset=&#8221;default&#8221; text_font=&#8221;Encode Sans||||||||&#8221; text_text_color=&#8221;#FFFFFF&#8221; text_font_size=&#8221;28px&#8221; text_line_height=&#8221;1.8em&#8221; header_3_text_color=&#8221;#000000&#8243; header_3_font_size=&#8221;28px&#8221; header_3_line_height=&#8221;1.5em&#8221; text_orientation=&#8221;center&#8221; width=&#8221;80%&#8221; width_tablet=&#8221;&#8221; width_phone=&#8221;100%&#8221; width_last_edited=&#8221;on|phone&#8221; module_alignment=&#8221;center&#8221; header_3_font_size_tablet=&#8221;&#8221; header_3_font_size_phone=&#8221;20px&#8221; header_3_font_size_last_edited=&#8221;on|phone&#8221; width__hover_enabled=&#8221;on|desktop&#8221;]<\/p>\n<h3>Aurelia Cerica on esimerkki siit\u00e4, kuinka visioidaan uusia ratkaisuja silloin, kun niit\u00e4 ei viel\u00e4 ole olemassakaan. Cerica on osaamisen ja intuition voimann\u00e4yte, joka hakee omassa kokoluokassaan vertaistaan.<\/h3>\n<p>[\/et_pb_text][\/et_pb_column][\/et_pb_row][\/et_pb_section][et_pb_section fb_built=&#8221;1&#8243; _builder_version=&#8221;4.9.7&#8243; _module_preset=&#8221;default&#8221; background_color=&#8221;#000000&#8243; custom_padding=&#8221;0px||0px||true|false&#8221;][et_pb_row column_structure=&#8221;3_5,2_5&#8243; make_equal=&#8221;on&#8221; _builder_version=&#8221;4.9.7&#8243; _module_preset=&#8221;default&#8221; width=&#8221;90%&#8221; width_tablet=&#8221;&#8221; width_phone=&#8221;80%&#8221; width_last_edited=&#8221;on|phone&#8221; max_width=&#8221;2560px&#8221; module_alignment=&#8221;right&#8221; custom_padding=&#8221;0px||0px||true|false&#8221; module_alignment_tablet=&#8221;center&#8221; module_alignment_phone=&#8221;&#8221; module_alignment_last_edited=&#8221;on|tablet&#8221; custom_css_main_element=&#8221;display: flex;||flex-wrap: wrap;&#8221;][et_pb_column type=&#8221;3_5&#8243; _builder_version=&#8221;4.9.7&#8243; _module_preset=&#8221;default&#8221; custom_css_main_element=&#8221;order: 2;&#8221;][et_pb_text admin_label=&#8221;Se ekologisempi aktiivikaiutin.&#8221; _builder_version=&#8221;4.9.7&#8243; _module_preset=&#8221;default&#8221; header_2_font=&#8221;|600|||||||&#8221; header_2_text_color=&#8221;#FFFFFF&#8221; header_2_font_size=&#8221;5vw&#8221; header_3_text_color=&#8221;#000000&#8243; header_3_font_size=&#8221;25px&#8221; custom_margin=&#8221;150px||||false|false&#8221; custom_margin_tablet=&#8221;0px||||false|false&#8221; custom_margin_phone=&#8221;&#8221; custom_margin_last_edited=&#8221;on|desktop&#8221; header_2_font_size_tablet=&#8221;8vw&#8221; header_2_font_size_phone=&#8221;10vw&#8221; header_2_font_size_last_edited=&#8221;on|phone&#8221;]<\/p>\n<h2>Akustisesti symmetrinen<\/h2>\n<p>[\/et_pb_text][et_pb_text _builder_version=&#8221;4.9.7&#8243; _module_preset=&#8221;default&#8221; text_text_color=&#8221;#FFFFFF&#8221; text_font_size=&#8221;20px&#8221; text_line_height=&#8221;1.8em&#8221; width=&#8221;80%&#8221; width_tablet=&#8221;&#8221; width_phone=&#8221;100%&#8221; width_last_edited=&#8221;on|phone&#8221; module_alignment=&#8221;center&#8221; custom_margin=&#8221;||120px||false|false&#8221; custom_margin_tablet=&#8221;||60px||false|false&#8221; custom_margin_phone=&#8221;&#8221; custom_margin_last_edited=&#8221;on|tablet&#8221; custom_padding=&#8221;||||false|false&#8221; custom_padding_tablet=&#8221;&#8221; custom_padding_phone=&#8221;||||false|false&#8221; custom_padding_last_edited=&#8221;on|phone&#8221; hover_enabled=&#8221;0&#8243; sticky_enabled=&#8221;0&#8243;]Cericassa k\u00e4ytet\u00e4\u00e4n huippumalli Graphicasta tuttuja teknisi\u00e4 ratkaisuja hieman kompaktimmassa paketissa. Cerica on periaatteeltaan akustisesti symmetrinen kaksitiekaiutin, jonka alemmat taajuudet toistetaan kahdella DDC-Isomatrix bassoelementill\u00e4. T\u00e4t\u00e4 ylemm\u00e4t taajuudet toistuvat nauhadiskanttien tapaan toimivan Cylinder Source Radiator-aallonohjaimen avulla.[\/et_pb_text][\/et_pb_column][et_pb_column type=&#8221;2_5&#8243; _builder_version=&#8221;4.9.7&#8243; _module_preset=&#8221;default&#8221; custom_css_main_element=&#8221;order: 1;&#8221;][et_pb_image src=&#8221;https:\/\/aurelia.fi\/wp-content\/uploads\/2021\/06\/201310_cerica-wood.png&#8221; align=&#8221;center&#8221; src_tablet=&#8221;https:\/\/aurelia.fi\/wp-content\/uploads\/2021\/06\/201310_cerica-wood.png&#8221; src_phone=&#8221;https:\/\/aurelia.fi\/wp-content\/uploads\/2021\/06\/201310_cerica-wood.png&#8221; src_last_edited=&#8221;on|phone&#8221; _builder_version=&#8221;4.9.7&#8243; _module_preset=&#8221;default&#8221; height_tablet=&#8221;500px&#8221; height_phone=&#8221;&#8221; height_last_edited=&#8221;on|phone&#8221; custom_margin=&#8221;120px||||false|false&#8221; custom_margin_tablet=&#8221;60px||||false|false&#8221; custom_margin_phone=&#8221;&#8221; custom_margin_last_edited=&#8221;on|phone&#8221;][\/et_pb_image][\/et_pb_column][\/et_pb_row][\/et_pb_section][et_pb_section fb_built=&#8221;1&#8243; _builder_version=&#8221;4.9.7&#8243; _module_preset=&#8221;default&#8221; background_color=&#8221;#FFFFFF&#8221; background_enable_image=&#8221;off&#8221; background_size=&#8221;initial&#8221; background_position=&#8221;top_left&#8221; custom_padding=&#8221;||3px|||&#8221;][et_pb_row column_structure=&#8221;1_3,2_3&#8243; _builder_version=&#8221;4.9.7&#8243; _module_preset=&#8221;default&#8221; width=&#8221;90%&#8221; max_width=&#8221;1400px&#8221; module_alignment=&#8221;center&#8221; custom_margin=&#8221;||||false|false&#8221; custom_padding=&#8221;4.6%||4.6%||true|false&#8221;][et_pb_column type=&#8221;1_3&#8243; _builder_version=&#8221;4.9.7&#8243; _module_preset=&#8221;default&#8221;][et_pb_image src=&#8221;https:\/\/aurelia.fi\/wp-content\/uploads\/2021\/07\/Cerica_2_2.png&#8221; align=&#8221;center&#8221; _builder_version=&#8221;4.9.7&#8243; _module_preset=&#8221;default&#8221; height_tablet=&#8221;400px&#8221; height_phone=&#8221;&#8221; height_last_edited=&#8221;on|tablet&#8221;][\/et_pb_image][\/et_pb_column][et_pb_column type=&#8221;2_3&#8243; _builder_version=&#8221;4.9.7&#8243; _module_preset=&#8221;default&#8221; custom_padding_tablet=&#8221;&#8221; custom_padding_phone=&#8221;|40px||20px|false|false&#8221; custom_padding_last_edited=&#8221;on|phone&#8221;][et_pb_text admin_label=&#8221;Se ekologisempi aktiivikaiutin.&#8221; _builder_version=&#8221;4.9.7&#8243; _module_preset=&#8221;default&#8221; header_2_font=&#8221;|600|||||||&#8221; header_2_text_color=&#8221;#000000&#8243; header_2_font_size=&#8221;5vw&#8221; header_3_text_color=&#8221;#000000&#8243; header_3_font_size=&#8221;25px&#8221; custom_margin=&#8221;100px||||false|false&#8221; custom_margin_tablet=&#8221;0px||||false|false&#8221; custom_margin_phone=&#8221;&#8221; custom_margin_last_edited=&#8221;on|tablet&#8221; header_2_font_size_tablet=&#8221;8vw&#8221; header_2_font_size_phone=&#8221;10vw&#8221; header_2_font_size_last_edited=&#8221;on|phone&#8221;]<\/p>\n<h2>Elegantti tunnelmoija<\/h2>\n<p>[\/et_pb_text][et_pb_text _builder_version=&#8221;4.9.7&#8243; _module_preset=&#8221;default&#8221; text_text_color=&#8221;#000000&#8243; text_font_size=&#8221;20px&#8221; text_line_height=&#8221;1.8em&#8221; width=&#8221;80%&#8221; width_tablet=&#8221;&#8221; width_phone=&#8221;100%&#8221; width_last_edited=&#8221;on|phone&#8221; module_alignment=&#8221;center&#8221; custom_padding=&#8221;||||false|false&#8221; custom_padding_tablet=&#8221;&#8221; custom_padding_phone=&#8221;||||false|false&#8221; custom_padding_last_edited=&#8221;on|phone&#8221;]<\/p>\n<p>Cerica muodostaa \u00e4\u00e4niaaltorintaman siten, ett\u00e4 suurin osa perus\u00e4\u00e4nialueesta etenee kuuntelijalle sylinterim\u00e4isen\u00e4. T\u00e4m\u00e4 v\u00e4hent\u00e4\u00e4 huomattavasti lattian ja katon kautta syntyvi\u00e4 h\u00e4iritsevi\u00e4 huoneheijastuksia. Kuuntelupaikalle saapuva \u00e4\u00e4ni on t\u00e4ll\u00f6in puhtaampaa ja musiikin vaihesuhteet ovat l\u00e4hemp\u00e4n\u00e4 alkuper\u00e4ist\u00e4 kuin tavanomaisilla kaiuttimilla toistettuna. Siten Cerican luoma illuusio el\u00e4v\u00e4st\u00e4 konserttitapahtumasta on k\u00e4sinkosketeltava. Kokoluokassaan Cerica tarjoaa my\u00f6s poikkeuksellisen dynaamista ja ulottuvaa bassotoistoa, mik\u00e4 osaltaan lis\u00e4\u00e4 kuuntelun live-tunnelmaa.<\/p>\n<p>Aurelia Cerican tuottama puhdas, aineeton toisto on her\u00e4tt\u00e4nyt ihastusta niin harrastajien kuin my\u00f6s ammattilaistenkin piireiss\u00e4. Hienon \u00e4\u00e4nen lis\u00e4ksi Aurelia Cerica on viettelev\u00e4n kaunis kaiutin. Kaiuttimeen saumattomasti integroituva jalusta luo tunnelman j\u00e4m\u00e4k\u00e4st\u00e4, mutta samalla sirosta kokonaisuudesta.<\/p>\n<p>Aurelia Cerica \u2013 voiko kaiuttimelta en\u00e4\u00e4 enemp\u00e4\u00e4 vaatia?<\/p>\n<p>[\/et_pb_text][et_pb_toggle title=&#8221;Tekniset tiedot&#8221; open_toggle_text_color=&#8221;#000000&#8243; icon_color=&#8221;#000000&#8243; _builder_version=&#8221;4.9.7&#8243; _module_preset=&#8221;default&#8221; title_text_color=&#8221;#000000&#8243; title_font_size=&#8221;20px&#8221; body_text_color=&#8221;#000000&#8243; body_link_text_color=&#8221;#000000&#8243; background_color=&#8221;#FFFFFF&#8221; custom_margin=&#8221;||||false|false&#8221; border_width_all=&#8221;0px&#8221; border_width_top=&#8221;1px&#8221; border_color_top=&#8221;#000000&#8243; border_width_bottom=&#8221;1px&#8221; border_color_bottom=&#8221;#000000&#8243;]<\/p>\n<p><strong>Toimintaperiaate<\/strong><br \/>2-tie refleksi<\/p>\n<p><strong>Kaiutinelementit<\/strong><br \/>2x 5,25\u201d DDC Isomatrix basso<br \/>3x 1\u201d titaani, CSR aallonohjain<\/p>\n<p><strong>Jakotaajuus<\/strong><br \/>1500 Hz<\/p>\n<p><strong>Impedanssi<\/strong><br \/>8 ohmia<\/p>\n<p><strong>Herkkyys dB\/W\/m<\/strong><br \/>88 dB<\/p>\n<p><strong>Taajuusvaste<\/strong><br \/>40 \u2013 20 000 Hz<\/p>\n<p><strong>Tehosuositus<\/strong><br \/>20 \u2013 200 W<\/p>\n<p><strong>Mitat K x S x L \/ Paino<\/strong><br \/>545 x 350 x 145 mm \/ 15 kg<\/p>\n<p>[\/et_pb_toggle][\/et_pb_column][\/et_pb_row][\/et_pb_section][et_pb_section fb_built=&#8221;1&#8243; _builder_version=&#8221;4.9.7&#8243; _module_preset=&#8221;default&#8221; custom_padding=&#8221;0px||0px||true|false&#8221;][et_pb_row _builder_version=&#8221;4.9.7&#8243; _module_preset=&#8221;default&#8221; width=&#8221;100%&#8221; max_width=&#8221;2560px&#8221; module_alignment=&#8221;center&#8221; custom_padding=&#8221;0px||0px||true|false&#8221;][et_pb_column type=&#8221;4_4&#8243; _builder_version=&#8221;4.9.7&#8243; _module_preset=&#8221;default&#8221;][et_pb_nextend_smart_slider_3 slider=&#8221;10&#8243; _builder_version=&#8221;4.9.7&#8243; _module_preset=&#8221;default&#8221;][\/et_pb_nextend_smart_slider_3][\/et_pb_column][\/et_pb_row][\/et_pb_section]<\/p>\n","protected":false},"excerpt":{"rendered":"<p>Aurelia Cerica on esimerkki siit\u00e4, kuinka visioidaan uusia ratkaisuja silloin, kun niit\u00e4 ei viel\u00e4 ole olemassakaan. Cerica on osaamisen ja intuition voimann\u00e4yte, joka hakee omassa kokoluokassaan vertaistaan.Akustisesti symmetrinenCericassa k\u00e4ytet\u00e4\u00e4n huippumalli Graphicasta tuttuja teknisi\u00e4 ratkaisuja hieman kompaktimmassa paketissa. Cerica on periaatteeltaan akustisesti symmetrinen kaksitiekaiutin, jonka alemmat taajuudet toistetaan kahdella DDC-Isomatrix bassoelementill\u00e4. T\u00e4t\u00e4 ylemm\u00e4t taajuudet toistuvat nauhadiskanttien [&hellip;]<\/p>\n","protected":false},"author":1,"featured_media":0,"parent":0,"menu_order":0,"comment_status":"closed","ping_status":"closed","template":"","meta":{"_et_pb_use_builder":"on","_et_pb_old_content":"","_et_gb_content_width":"","footnotes":""},"class_list":["post-224089","page","type-page","status-publish","hentry"],"yoast_head":"<!-- This site is optimized with the Yoast SEO plugin v27.4 - https:\/\/yoast.com\/product\/yoast-seo-wordpress\/ -->\n<title>Cerica - Aurelia - \u00e4\u00e4nen ehdoilla<\/title>\n<meta name=\"robots\" content=\"index, follow, max-snippet:-1, max-image-preview:large, max-video-preview:-1\" \/>\n<link rel=\"canonical\" href=\"https:\/\/aurelia.fi\/en\/cerica\/\" \/>\n<meta property=\"og:locale\" content=\"en_US\" \/>\n<meta property=\"og:type\" content=\"article\" \/>\n<meta property=\"og:title\" content=\"Cerica - Aurelia - \u00e4\u00e4nen ehdoilla\" \/>\n<meta property=\"og:description\" content=\"Aurelia Cerica on esimerkki siit\u00e4, kuinka visioidaan uusia ratkaisuja silloin, kun niit\u00e4 ei viel\u00e4 ole olemassakaan. Cerica on osaamisen ja intuition voimann\u00e4yte, joka hakee omassa kokoluokassaan vertaistaan.Akustisesti symmetrinenCericassa k\u00e4ytet\u00e4\u00e4n huippumalli Graphicasta tuttuja teknisi\u00e4 ratkaisuja hieman kompaktimmassa paketissa. Cerica on periaatteeltaan akustisesti symmetrinen kaksitiekaiutin, jonka alemmat taajuudet toistetaan kahdella DDC-Isomatrix bassoelementill\u00e4. T\u00e4t\u00e4 ylemm\u00e4t taajuudet toistuvat nauhadiskanttien [&hellip;]\" \/>\n<meta property=\"og:url\" content=\"https:\/\/aurelia.fi\/en\/cerica\/\" \/>\n<meta property=\"og:site_name\" content=\"Aurelia - \u00e4\u00e4nen ehdoilla\" \/>\n<meta property=\"article:modified_time\" content=\"2021-10-07T13:03:54+00:00\" \/>\n<meta name=\"twitter:card\" content=\"summary_large_image\" \/>\n<meta name=\"twitter:label1\" content=\"Est. reading time\" \/>\n\t<meta name=\"twitter:data1\" content=\"6 minutes\" \/>\n<script type=\"application\/ld+json\" class=\"yoast-schema-graph\">{\"@context\":\"https:\\\/\\\/schema.org\",\"@graph\":[{\"@type\":\"WebPage\",\"@id\":\"https:\\\/\\\/aurelia.fi\\\/en\\\/cerica\\\/\",\"url\":\"https:\\\/\\\/aurelia.fi\\\/en\\\/cerica\\\/\",\"name\":\"Cerica - Aurelia - \u00e4\u00e4nen ehdoilla\",\"isPartOf\":{\"@id\":\"https:\\\/\\\/aurelia.fi\\\/en\\\/#website\"},\"datePublished\":\"2021-10-07T11:48:35+00:00\",\"dateModified\":\"2021-10-07T13:03:54+00:00\",\"breadcrumb\":{\"@id\":\"https:\\\/\\\/aurelia.fi\\\/en\\\/cerica\\\/#breadcrumb\"},\"inLanguage\":\"en-US\",\"potentialAction\":[{\"@type\":\"ReadAction\",\"target\":[\"https:\\\/\\\/aurelia.fi\\\/en\\\/cerica\\\/\"]}]},{\"@type\":\"BreadcrumbList\",\"@id\":\"https:\\\/\\\/aurelia.fi\\\/en\\\/cerica\\\/#breadcrumb\",\"itemListElement\":[{\"@type\":\"ListItem\",\"position\":1,\"name\":\"Home\",\"item\":\"https:\\\/\\\/aurelia.fi\\\/en\\\/aurelia\\\/\"},{\"@type\":\"ListItem\",\"position\":2,\"name\":\"Cerica\"}]},{\"@type\":\"WebSite\",\"@id\":\"https:\\\/\\\/aurelia.fi\\\/en\\\/#website\",\"url\":\"https:\\\/\\\/aurelia.fi\\\/en\\\/\",\"name\":\"Aurelia - \u00e4\u00e4nen ehdoilla\",\"description\":\"Aurelian kaiuttimissa elegantti, ajaton estetiikka yhdistyy uniikkeihin akustisiin ratkaisuihin.\",\"potentialAction\":[{\"@type\":\"SearchAction\",\"target\":{\"@type\":\"EntryPoint\",\"urlTemplate\":\"https:\\\/\\\/aurelia.fi\\\/en\\\/?s={search_term_string}\"},\"query-input\":{\"@type\":\"PropertyValueSpecification\",\"valueRequired\":true,\"valueName\":\"search_term_string\"}}],\"inLanguage\":\"en-US\"}]}<\/script>\n<!-- \/ Yoast SEO plugin. -->","yoast_head_json":{"title":"Cerica - Aurelia - \u00e4\u00e4nen ehdoilla","robots":{"index":"index","follow":"follow","max-snippet":"max-snippet:-1","max-image-preview":"max-image-preview:large","max-video-preview":"max-video-preview:-1"},"canonical":"https:\/\/aurelia.fi\/en\/cerica\/","og_locale":"en_US","og_type":"article","og_title":"Cerica - Aurelia - \u00e4\u00e4nen ehdoilla","og_description":"Aurelia Cerica on esimerkki siit\u00e4, kuinka visioidaan uusia ratkaisuja silloin, kun niit\u00e4 ei viel\u00e4 ole olemassakaan. Cerica on osaamisen ja intuition voimann\u00e4yte, joka hakee omassa kokoluokassaan vertaistaan.Akustisesti symmetrinenCericassa k\u00e4ytet\u00e4\u00e4n huippumalli Graphicasta tuttuja teknisi\u00e4 ratkaisuja hieman kompaktimmassa paketissa. Cerica on periaatteeltaan akustisesti symmetrinen kaksitiekaiutin, jonka alemmat taajuudet toistetaan kahdella DDC-Isomatrix bassoelementill\u00e4. T\u00e4t\u00e4 ylemm\u00e4t taajuudet toistuvat nauhadiskanttien [&hellip;]","og_url":"https:\/\/aurelia.fi\/en\/cerica\/","og_site_name":"Aurelia - \u00e4\u00e4nen ehdoilla","article_modified_time":"2021-10-07T13:03:54+00:00","twitter_card":"summary_large_image","twitter_misc":{"Est. reading time":"6 minutes"},"schema":{"@context":"https:\/\/schema.org","@graph":[{"@type":"WebPage","@id":"https:\/\/aurelia.fi\/en\/cerica\/","url":"https:\/\/aurelia.fi\/en\/cerica\/","name":"Cerica - Aurelia - \u00e4\u00e4nen ehdoilla","isPartOf":{"@id":"https:\/\/aurelia.fi\/en\/#website"},"datePublished":"2021-10-07T11:48:35+00:00","dateModified":"2021-10-07T13:03:54+00:00","breadcrumb":{"@id":"https:\/\/aurelia.fi\/en\/cerica\/#breadcrumb"},"inLanguage":"en-US","potentialAction":[{"@type":"ReadAction","target":["https:\/\/aurelia.fi\/en\/cerica\/"]}]},{"@type":"BreadcrumbList","@id":"https:\/\/aurelia.fi\/en\/cerica\/#breadcrumb","itemListElement":[{"@type":"ListItem","position":1,"name":"Home","item":"https:\/\/aurelia.fi\/en\/aurelia\/"},{"@type":"ListItem","position":2,"name":"Cerica"}]},{"@type":"WebSite","@id":"https:\/\/aurelia.fi\/en\/#website","url":"https:\/\/aurelia.fi\/en\/","name":"Aurelia - \u00e4\u00e4nen ehdoilla","description":"Aurelian kaiuttimissa elegantti, ajaton estetiikka yhdistyy uniikkeihin akustisiin ratkaisuihin.","potentialAction":[{"@type":"SearchAction","target":{"@type":"EntryPoint","urlTemplate":"https:\/\/aurelia.fi\/en\/?s={search_term_string}"},"query-input":{"@type":"PropertyValueSpecification","valueRequired":true,"valueName":"search_term_string"}}],"inLanguage":"en-US"}]}},"_links":{"self":[{"href":"https:\/\/aurelia.fi\/en\/wp-json\/wp\/v2\/pages\/224089","targetHints":{"allow":["GET"]}}],"collection":[{"href":"https:\/\/aurelia.fi\/en\/wp-json\/wp\/v2\/pages"}],"about":[{"href":"https:\/\/aurelia.fi\/en\/wp-json\/wp\/v2\/types\/page"}],"author":[{"embeddable":true,"href":"https:\/\/aurelia.fi\/en\/wp-json\/wp\/v2\/users\/1"}],"replies":[{"embeddable":true,"href":"https:\/\/aurelia.fi\/en\/wp-json\/wp\/v2\/comments?post=224089"}],"version-history":[{"count":4,"href":"https:\/\/aurelia.fi\/en\/wp-json\/wp\/v2\/pages\/224089\/revisions"}],"predecessor-version":[{"id":224291,"href":"https:\/\/aurelia.fi\/en\/wp-json\/wp\/v2\/pages\/224089\/revisions\/224291"}],"wp:attachment":[{"href":"https:\/\/aurelia.fi\/en\/wp-json\/wp\/v2\/media?parent=224089"}],"curies":[{"name":"wp","href":"https:\/\/api.w.org\/{rel}","templated":true}]}}